{"id":84,"date":"2015-04-12T20:17:20","date_gmt":"2015-04-12T18:17:20","guid":{"rendered":"http:\/\/mannheim-psychotherapie.de\/?page_id=84"},"modified":"2025-08-28T16:01:19","modified_gmt":"2025-08-28T14:01:19","slug":"zur-person","status":"publish","type":"page","link":"https:\/\/mannheim-psychotherapie.de\/?page_id=84","title":{"rendered":"Zur Person"},"content":{"rendered":"\n<figure class=\"wp-block-image\"><a href=\"https:\/\/mannheim-psychotherapie.de\/wp-content\/uploads\/2020\/08\/DSC_0818-2-scaled.jpg\"><img loading=\"lazy\" decoding=\"async\" width=\"200\" height=\"300\" src=\"https:\/\/mannheim-psychotherapie.de\/wp-content\/uploads\/2020\/08\/DSC_0818-2-200x300.jpg\" alt=\"\" class=\"wp-image-456\" srcset=\"https:\/\/mannheim-psychotherapie.de\/wp-content\/uploads\/2020\/08\/DSC_0818-2-200x300.jpg 200w, https:\/\/mannheim-psychotherapie.de\/wp-content\/uploads\/2020\/08\/DSC_0818-2-683x1024.jpg 683w, https:\/\/mannheim-psychotherapie.de\/wp-content\/uploads\/2020\/08\/DSC_0818-2-768x1152.jpg 768w, https:\/\/mannheim-psychotherapie.de\/wp-content\/uploads\/2020\/08\/DSC_0818-2-1365x2048.jpg 1365w, https:\/\/mannheim-psychotherapie.de\/wp-content\/uploads\/2020\/08\/DSC_0818-2-676x1014.jpg 676w, https:\/\/mannheim-psychotherapie.de\/wp-content\/uploads\/2020\/08\/DSC_0818-2-scaled.jpg 1706w\" sizes=\"auto, (max-width: 200px) 100vw, 200px\" \/><\/a><\/figure>\n\n\n\n<p><strong>Fachliche Qualifikation<\/strong><\/p>\n\n\n\n<p>Studium der Humanmedizin<br>Dissertation im Fachgebiet Psychiatrie 1992<br>Facharztausbildung im Zentrum f\u00fcr Psychiatrie Wiesloch ab 1990<br>Fach\u00e4rztin seit 1996<br>Beendigung der psychotherapeutischen Ausbildung am Heidelberger Institut f\u00fcr Tiefenpsychologie 2000<br>Niederlassung als \u00c4rztin-Psychotherapie seit Juni 2001 (Praxisgemeinschaft)<br>Regelm\u00e4\u00dfige Supervisionsteilnahme<\/p>\n","protected":false},"excerpt":{"rendered":"<p>Fachliche Qualifikation Studium der HumanmedizinDissertation im Fachgebiet Psychiatrie 1992Facharztausbildung im Zentrum f\u00fcr Psychiatrie Wiesloch ab 1990Fach\u00e4rztin seit 1996Beendigung der psychotherapeutischen Ausbildung am Heidelberger Institut f\u00fcr Tiefenpsychologie 2000Niederlassung als \u00c4rztin-Psychotherapie seit Juni 2001 (Praxisgemeinschaft)Regelm\u00e4\u00dfige Supervisionsteilnahme<\/p>\n","protected":false},"author":1,"featured_media":0,"parent":0,"menu_order":4,"comment_status":"closed","ping_status":"closed","template":"template-fullwidth.php","meta":{"footnotes":""},"class_list":["post-84","page","type-page","status-publish","hentry","post-preview"],"_links":{"self":[{"href":"https:\/\/mannheim-psychotherapie.de\/index.php?rest_route=\/wp\/v2\/pages\/84","targetHints":{"allow":["GET"]}}],"collection":[{"href":"https:\/\/mannheim-psychotherapie.de\/index.php?rest_route=\/wp\/v2\/pages"}],"about":[{"href":"https:\/\/mannheim-psychotherapie.de\/index.php?rest_route=\/wp\/v2\/types\/page"}],"author":[{"embeddable":true,"href":"https:\/\/mannheim-psychotherapie.de\/index.php?rest_route=\/wp\/v2\/users\/1"}],"replies":[{"embeddable":true,"href":"https:\/\/mannheim-psychotherapie.de\/index.php?rest_route=%2Fwp%2Fv2%2Fcomments&post=84"}],"version-history":[{"count":11,"href":"https:\/\/mannheim-psychotherapie.de\/index.php?rest_route=\/wp\/v2\/pages\/84\/revisions"}],"predecessor-version":[{"id":743,"href":"https:\/\/mannheim-psychotherapie.de\/index.php?rest_route=\/wp\/v2\/pages\/84\/revisions\/743"}],"wp:attachment":[{"href":"https:\/\/mannheim-psychotherapie.de\/index.php?rest_route=%2Fwp%2Fv2%2Fmedia&parent=84"}],"curies":[{"name":"wp","href":"https:\/\/api.w.org\/{rel}","templated":true}]}}