{"id":5,"date":"2015-04-09T18:11:51","date_gmt":"2015-04-09T16:11:51","guid":{"rendered":"http:\/\/mannheim-psychotherapie.de\/?page_id=5"},"modified":"2025-08-28T15:28:56","modified_gmt":"2025-08-28T13:28:56","slug":"therapie","status":"publish","type":"page","link":"https:\/\/mannheim-psychotherapie.de\/?page_id=5","title":{"rendered":"Therapie"},"content":{"rendered":"\n<p class=\"western\">Bei folgenden St\u00f6rungen biete ich Ihnen Unterst\u00fctzung an:<\/p>\n\n\n\n<ul class=\"wp-block-list\">\n<li>Bew\u00e4ltigung allgemeiner Konflikte und Lebenskrisen<\/li>\n\n\n\n<li>Depressionen<\/li>\n\n\n\n<li>Partnerschaftskrisen<\/li>\n\n\n\n<li>Neurotische St\u00f6rungen<\/li>\n\n\n\n<li>\u00c4ngsten<\/li>\n\n\n\n<li>Nachsorge nach station\u00e4rer psychosomatischer und psychiatrischer Behandlung<\/li>\n\n\n\n<li>Psychosomatische Grundversorgung<\/li>\n\n\n\n<li>(rein psychiatrische\/medikament\u00f6se Behandlung aufgrund Niederlassungsbestimmungen nicht durchf\u00fchrbar)<\/li>\n<\/ul>\n\n\n\n<p class=\"western\"><strong><span style=\"font-family: Verdana, sans-serif;\">Therapieverfahren<\/span><\/strong><\/p>\n\n\n\n<p>In meiner Praxis arbeite ich vorwiegend nach dem Verfahren der Tiefenpsychologie.<\/p>\n\n\n\n<p>Die Tiefenpsychologie arbeitet mit der Grundhaltung, dass unbewusste seelische Vorg\u00e4nge unser Denken, Handeln und unsere Gef\u00fchle beeinflussen. Die&nbsp;Biographie hat wiederum auf das Unbewusste wie das Bewusste gro\u00dfen Einfluss. Es k\u00f6nnen innere Konflikte bestehen, die uns nicht bewusst sind, die aber in die Gegenwart reichen. Wenn unsere Beziehungen zu Menschen belastet sind und wir aus uns nicht erkl\u00e4rlichen Gr\u00fcnden &nbsp;k\u00f6rperlich und\/oder seelisch erkranken, liegt oft ein innerer Konflikt zugrunde. Die Tiefenpsychologie versucht, im Gespr\u00e4chssetting die inneren Konflikte zu verstehen, die zu der Erkrankung f\u00fchrten, und diese mit dem Betroffenen zu bearbeiten.<\/p>\n\n\n\n<p>Dieses Verfahren geh\u00f6rt wie die Psychoanalyse, die Verhaltenstherapie und die systemische Therapie zu den anerkannten Richtlinienverfahren, so dass Ihre Therapie von der gesetzlichen\/privaten Krankenkasse \u00fcbernommen wird.<\/p>\n\n\n\n<p class=\"western\"><span style=\"color: #800000;\"><a style=\"color: #800000;\" title=\"Therapiezeiten &amp; Sprechstunden\" href=\"https:\/\/mannheim-psychotherapie.de\/?page_id=8\">Informationen \u00fcber Therapiezeiten &amp; Sprechstunden<\/a><\/span><\/p>\n","protected":false},"excerpt":{"rendered":"<p>Bei folgenden St\u00f6rungen biete ich Ihnen Unterst\u00fctzung an: Therapieverfahren In meiner Praxis arbeite ich vorwiegend nach dem Verfahren der Tiefenpsychologie. Die Tiefenpsychologie arbeitet mit der Grundhaltung, dass unbewusste seelische Vorg\u00e4nge unser Denken, Handeln und unsere Gef\u00fchle beeinflussen. Die&nbsp;Biographie hat wiederum auf das Unbewusste wie das Bewusste gro\u00dfen Einfluss. Es k\u00f6nnen innere Konflikte bestehen, die uns [&hellip;]<\/p>\n","protected":false},"author":1,"featured_media":0,"parent":0,"menu_order":2,"comment_status":"closed","ping_status":"closed","template":"template-fullwidth.php","meta":{"footnotes":""},"class_list":["post-5","page","type-page","status-publish","hentry","post-preview"],"_links":{"self":[{"href":"https:\/\/mannheim-psychotherapie.de\/index.php?rest_route=\/wp\/v2\/pages\/5","targetHints":{"allow":["GET"]}}],"collection":[{"href":"https:\/\/mannheim-psychotherapie.de\/index.php?rest_route=\/wp\/v2\/pages"}],"about":[{"href":"https:\/\/mannheim-psychotherapie.de\/index.php?rest_route=\/wp\/v2\/types\/page"}],"author":[{"embeddable":true,"href":"https:\/\/mannheim-psychotherapie.de\/index.php?rest_route=\/wp\/v2\/users\/1"}],"replies":[{"embeddable":true,"href":"https:\/\/mannheim-psychotherapie.de\/index.php?rest_route=%2Fwp%2Fv2%2Fcomments&post=5"}],"version-history":[{"count":12,"href":"https:\/\/mannheim-psychotherapie.de\/index.php?rest_route=\/wp\/v2\/pages\/5\/revisions"}],"predecessor-version":[{"id":734,"href":"https:\/\/mannheim-psychotherapie.de\/index.php?rest_route=\/wp\/v2\/pages\/5\/revisions\/734"}],"wp:attachment":[{"href":"https:\/\/mannheim-psychotherapie.de\/index.php?rest_route=%2Fwp%2Fv2%2Fmedia&parent=5"}],"curies":[{"name":"wp","href":"https:\/\/api.w.org\/{rel}","templated":true}]}}