{"id":20,"date":"2015-04-09T18:35:17","date_gmt":"2015-04-09T16:35:17","guid":{"rendered":"http:\/\/mannheim-psychotherapie.de\/?page_id=20"},"modified":"2025-08-28T15:30:43","modified_gmt":"2025-08-28T13:30:43","slug":"weiterfuehrende-informationen","status":"publish","type":"page","link":"https:\/\/mannheim-psychotherapie.de\/?page_id=20","title":{"rendered":"Weiterf\u00fchrende Informationen"},"content":{"rendered":"\n<p><a href=\"http:\/\/www.vaept.de\/\" target=\"_blank\" rel=\"noopener\">Mitglied im Verbund \u00c4rztlicher Psychotherapeuten Mannheim<\/a><\/p>\n\n\n\n<p><a href=\"https:\/\/www.kvbw-admin.de\/api\/download.php?id=3418\">Information der Kassen\u00e4rztlichen Vereinigung f\u00fcr Patienten zur Suche nach Facharzt- und Psychotherapieterminen<\/a><\/p>\n\n\n\n<p><a href=\"https:\/\/mannheim-psychotherapie.de\/?page_id=258\">Patienteninformation zum Datenschutz<\/a><\/p>\n\n\n\n<p>Praxisinformationen zum Datenschutz finden Sie im <a href=\"https:\/\/mannheim-psychotherapie.de\/?page_id=22\">Impressum<\/a>.<\/p>\n\n\n","protected":false},"excerpt":{"rendered":"<p>Mitglied im Verbund \u00c4rztlicher Psychotherapeuten Mannheim Information der Kassen\u00e4rztlichen Vereinigung f\u00fcr Patienten zur Suche nach Facharzt- und Psychotherapieterminen Patienteninformation zum Datenschutz Praxisinformationen zum Datenschutz finden Sie im Impressum.<\/p>\n","protected":false},"author":1,"featured_media":0,"parent":13,"menu_order":9,"comment_status":"closed","ping_status":"closed","template":"template-fullwidth.php","meta":{"footnotes":""},"class_list":["post-20","page","type-page","status-publish","hentry","post-preview"],"_links":{"self":[{"href":"https:\/\/mannheim-psychotherapie.de\/index.php?rest_route=\/wp\/v2\/pages\/20","targetHints":{"allow":["GET"]}}],"collection":[{"href":"https:\/\/mannheim-psychotherapie.de\/index.php?rest_route=\/wp\/v2\/pages"}],"about":[{"href":"https:\/\/mannheim-psychotherapie.de\/index.php?rest_route=\/wp\/v2\/types\/page"}],"author":[{"embeddable":true,"href":"https:\/\/mannheim-psychotherapie.de\/index.php?rest_route=\/wp\/v2\/users\/1"}],"replies":[{"embeddable":true,"href":"https:\/\/mannheim-psychotherapie.de\/index.php?rest_route=%2Fwp%2Fv2%2Fcomments&post=20"}],"version-history":[{"count":14,"href":"https:\/\/mannheim-psychotherapie.de\/index.php?rest_route=\/wp\/v2\/pages\/20\/revisions"}],"predecessor-version":[{"id":740,"href":"https:\/\/mannheim-psychotherapie.de\/index.php?rest_route=\/wp\/v2\/pages\/20\/revisions\/740"}],"up":[{"embeddable":true,"href":"https:\/\/mannheim-psychotherapie.de\/index.php?rest_route=\/wp\/v2\/pages\/13"}],"wp:attachment":[{"href":"https:\/\/mannheim-psychotherapie.de\/index.php?rest_route=%2Fwp%2Fv2%2Fmedia&parent=20"}],"curies":[{"name":"wp","href":"https:\/\/api.w.org\/{rel}","templated":true}]}}