{"id":15,"date":"2015-04-09T18:32:39","date_gmt":"2015-04-09T16:32:39","guid":{"rendered":"http:\/\/mannheim-psychotherapie.de\/?page_id=15"},"modified":"2025-08-28T15:30:10","modified_gmt":"2025-08-28T13:30:10","slug":"wegbeschreibung","status":"publish","type":"page","link":"https:\/\/mannheim-psychotherapie.de\/?page_id=15","title":{"rendered":"Wegbeschreibung"},"content":{"rendered":"\n<p>Die Praxis befindet sich in <strong>Mannheim im Stadtteil Seckenheim<\/strong> (Autobahn A 656, Ausfahrt 4 &#8211; Mannheim-Seckenheim) in der <a href=\"https:\/\/goo.gl\/maps\/in8N2\" target=\"_blank\" rel=\"noopener\"><strong>Rastatter Stra\u00dfe 16<\/strong><\/a>.<\/p>\n\n\n\n<p>Seckenheim liegt am Neckar zwischen Mannheim und Heidelberg. Sie erreichen die Praxis entweder mit dem Auto oder mit \u00f6ffentlichen Verkehrsmitteln.<\/p>\n\n\n\n<h3 class=\"wp-block-heading\">Anreise mit \u00f6ffentlichen Verkehrsmitteln: Ausstieg Haltestelle &#8222;Seckenheim Rathaus&#8220;<\/h3>\n\n\n\n<figure class=\"wp-block-table\"><table class=\"has-fixed-layout\"><tbody><tr><td><strong>Aus Richtung<\/strong><\/td><td><strong>Linie<\/strong><\/td><\/tr><tr><td>Edingen-Neckarhausen, Wieblingen, Heidelberg<\/td><td>5R (OEG)<\/td><\/tr><tr><td>Neuostheim \/ Mannheim City<\/td><td>5R (OEG)<\/td><\/tr><tr><td>Neu-Edingen \/ Neckarhausen<\/td><td>42 \/ 46 (OEG Bus)<\/td><\/tr><tr><td>Ilvesheim \/ Ladenburg \/ Schriesheim \/ Wilhelmsfeld<\/td><td>628 (Bus)<\/td><\/tr><tr><td>Suebenheim \/ Friedrichsfeld \/ Alteichwaldsiedlung<\/td><td>43 \/ 46 (Bus)<\/td><\/tr><tr><td>Hochst\u00e4tt \/ Pfingstberg \/ Rheinau<\/td><td>40 (Bus)<\/td><\/tr><\/tbody><\/table><\/figure>\n\n\n\n<p><strong>Von der Haltestelle &#8222;Seckenheim Rathaus&#8220; sind es ca. f\u00fcnf Minuten zu Fu\u00df bis zur Praxis.<\/strong><\/p>\n\n\n\n<p>Wenn Sie aus dem Bus bzw. der OEG aussteigen, ca. 200 Meter den Gleisen der Linie 5R (OEG) in Richtung Mannheim folgen. Dann die erste Stra\u00dfe links (am Hotel zum L\u00f6wen) in die Rastatter Stra\u00dfe abbiegen. Jetzt noch 200 Meter weitergehen. Die Praxis befindet sich auf der rechten Stra\u00dfenseite.<\/p>\n\n\n\n<p><strong>Weiterf\u00fchrende Informationen zur Anreise:<\/strong><br><span style=\"color: #800000;\"><a style=\"color: #800000;\" href=\"https:\/\/maps.google.com\/maps?q=Rastatter+Stra%C3%9Fe+16,+Mannheim,+Deutschland&amp;hl=de&amp;ie=UTF8&amp;sll=49.473471,8.608108&amp;sspn=0.098718,0.176296&amp;oq=Rastatter+Stra%C3%9Fe+16,+Mannheim,+Deutschland&amp;hnear=Rastatter+Stra%C3%9Fe+16,+Seckenheim+68239+Mannheim,+Deutschland&amp;t=m&amp;z=16\" target=\"_blank\" rel=\"noopener\">Interaktive Wegbeschreibung (Google Maps)<\/a><\/span><br><span style=\"color: #800000;\"> <a style=\"color: #800000;\" href=\"https:\/\/www.rnv-online.de\/\" target=\"_blank\" rel=\"noopener\">Informationen und Fahrpl\u00e4ne f\u00fcr \u00f6ffentliche Verkehrsmittel.<\/a><\/span><\/p>\n\n\n\n<h1 class=\"wp-block-heading\"><strong>In der Praxis<\/strong><\/h1>\n\n\n\n<p>Wenn Sie in der Rastatter Stra\u00dfe 16 angekommen sind, gehen Sie bitte durch das Tor in den Hof.<\/p>\n\n\n\n<p>Links befindet sich der Praxiseingang (Dr. M. Berlinghof),<\/p>\n\n\n\n<p>das Wartezimmer ist im&nbsp; 1. Obergeschoss.<\/p>\n\n\n\n<p><strong>Anmelden m\u00fcssen Sie sich nicht, zu Beginn der verabredeten Therapiestunde hole ich Sie im Wartezimmer ab.<\/strong><\/p>\n\n\n\n<p><span style=\"color: #800000;\"><a style=\"color: #800000;\" title=\"Praxis\" href=\"https:\/\/mannheim-psychotherapie.de\/?page_id=24\">Informationen \u00fcber die Praxisr\u00e4umlichkeiten<\/a><\/span><\/p>\n","protected":false},"excerpt":{"rendered":"<p>Die Praxis befindet sich in Mannheim im Stadtteil Seckenheim (Autobahn A 656, Ausfahrt 4 &#8211; Mannheim-Seckenheim) in der Rastatter Stra\u00dfe 16. Seckenheim liegt am Neckar zwischen Mannheim und Heidelberg. Sie erreichen die Praxis entweder mit dem Auto oder mit \u00f6ffentlichen Verkehrsmitteln. Anreise mit \u00f6ffentlichen Verkehrsmitteln: Ausstieg Haltestelle &#8222;Seckenheim Rathaus&#8220; Aus Richtung Linie Edingen-Neckarhausen, Wieblingen, Heidelberg [&hellip;]<\/p>\n","protected":false},"author":1,"featured_media":0,"parent":13,"menu_order":8,"comment_status":"closed","ping_status":"closed","template":"template-fullwidth.php","meta":{"footnotes":""},"class_list":["post-15","page","type-page","status-publish","hentry","post-preview"],"_links":{"self":[{"href":"https:\/\/mannheim-psychotherapie.de\/index.php?rest_route=\/wp\/v2\/pages\/15","targetHints":{"allow":["GET"]}}],"collection":[{"href":"https:\/\/mannheim-psychotherapie.de\/index.php?rest_route=\/wp\/v2\/pages"}],"about":[{"href":"https:\/\/mannheim-psychotherapie.de\/index.php?rest_route=\/wp\/v2\/types\/page"}],"author":[{"embeddable":true,"href":"https:\/\/mannheim-psychotherapie.de\/index.php?rest_route=\/wp\/v2\/users\/1"}],"replies":[{"embeddable":true,"href":"https:\/\/mannheim-psychotherapie.de\/index.php?rest_route=%2Fwp%2Fv2%2Fcomments&post=15"}],"version-history":[{"count":12,"href":"https:\/\/mannheim-psychotherapie.de\/index.php?rest_route=\/wp\/v2\/pages\/15\/revisions"}],"predecessor-version":[{"id":738,"href":"https:\/\/mannheim-psychotherapie.de\/index.php?rest_route=\/wp\/v2\/pages\/15\/revisions\/738"}],"up":[{"embeddable":true,"href":"https:\/\/mannheim-psychotherapie.de\/index.php?rest_route=\/wp\/v2\/pages\/13"}],"wp:attachment":[{"href":"https:\/\/mannheim-psychotherapie.de\/index.php?rest_route=%2Fwp%2Fv2%2Fmedia&parent=15"}],"curies":[{"name":"wp","href":"https:\/\/api.w.org\/{rel}","templated":true}]}}