{"id":13,"date":"2015-04-09T18:29:06","date_gmt":"2015-04-09T16:29:06","guid":{"rendered":"http:\/\/mannheim-psychotherapie.de\/?page_id=13"},"modified":"2025-08-28T15:29:15","modified_gmt":"2025-08-28T13:29:15","slug":"anschrift-und-kontakt","status":"publish","type":"page","link":"https:\/\/mannheim-psychotherapie.de\/?page_id=13","title":{"rendered":"Anschrift, Kontakt, Therapie- und Sprechzeiten"},"content":{"rendered":"\n<p>Dr. med. Martina Berlinghof<br>Praxis f\u00fcr Psychotherapie<br><a href=\"https:\/\/goo.gl\/maps\/in8N2\" target=\"_blank\" rel=\"noopener noreferrer\">Rastatter Stra\u00dfe 16<\/a><br><a href=\"https:\/\/goo.gl\/maps\/in8N2\" target=\"_blank\" rel=\"noopener noreferrer\"> 68239 Mannheim Seckenheim<\/a><\/p>\n\n\n\n<p>Telefon: &nbsp; 0621 4802560 (Erreichbarkeit zur&nbsp;<a title=\"Therapiezeiten &amp; Sprechstunden\" href=\"https:\/\/mannheim-psychotherapie.de\/?page_id=8\">telefonischen Sprechstunde<\/a>)<br>Fax:&nbsp; &nbsp; &nbsp; &nbsp; &nbsp; &nbsp;0621 4802561<\/p>\n\n\n\n<p>Internet: &nbsp;mannheim-psychotherapie.de<\/p>\n\n\n\n<p>E-Mail: &nbsp; &nbsp; berlinghof@mannheim-psychotherapie.de<\/p>\n\n\n\n<figure class=\"wp-block-image alignnone\"><a href=\"https:\/\/mannheim-psychotherapie.de\/wp-content\/uploads\/2020\/09\/QR-Code-Dr.-Martina-Berlinghof.png\"><img loading=\"lazy\" decoding=\"async\" width=\"150\" height=\"150\" src=\"https:\/\/mannheim-psychotherapie.de\/wp-content\/uploads\/2020\/09\/QR-Code-Dr.-Martina-Berlinghof-150x150.png\" alt=\"Kontakt als QR Code\" class=\"wp-image-467\" srcset=\"https:\/\/mannheim-psychotherapie.de\/wp-content\/uploads\/2020\/09\/QR-Code-Dr.-Martina-Berlinghof-150x150.png 150w, https:\/\/mannheim-psychotherapie.de\/wp-content\/uploads\/2020\/09\/QR-Code-Dr.-Martina-Berlinghof.png 300w\" sizes=\"auto, (max-width: 150px) 100vw, 150px\" \/><\/a><figcaption class=\"wp-element-caption\">Kontakt als QR Code<\/figcaption><\/figure>\n\n\n\n<p>(Fragen nach freien Therapiepl\u00e4tzen, Anmeldungen und Termin\u00e4nderungen k\u00f6nnen aus organisatorischen Gr\u00fcnden leider nicht per Mail bearbeitet werden)<\/p>\n\n\n\n<p><a style=\"color: #800000;\" title=\"Wegbeschreibung\" href=\"https:\/\/mannheim-psychotherapie.de\/?page_id=15\">Informationen zur Anreise<\/a><\/p>\n\n\n\n<p><span style=\"color: #800000;\"><a style=\"color: #800000;\" title=\"Notfallkontakte\" href=\"https:\/\/mannheim-psychotherapie.de\/?page_id=39\">Akute Notf\u00e4lle (Abendstunden, nachts sowie an den Wochenenden)<\/a><\/span><\/p>\n\n\n\n<p><span style=\"color: #993366;\"><a style=\"color: #993366;\" title=\"Impressum\" href=\"https:\/\/mannheim-psychotherapie.de\/?page_id=22\">Impressum<\/a><\/span><\/p>\n\n\n\n<p>\u00a9 mannheim-psychotherapie.de | Alle Rechte vorbehalten<\/p>\n\n\n\n<p>Dr. Martina Berlinghof &#8211; \u00c4rztin &#8211; Psychotherapie<br>Fach\u00e4rztin f\u00fcr Psychiatrie (erworben in der Bundesrepublik Deutschland)<\/p>\n\n\n","protected":false},"excerpt":{"rendered":"<p>Dr. med. Martina BerlinghofPraxis f\u00fcr PsychotherapieRastatter Stra\u00dfe 16 68239 Mannheim Seckenheim Telefon: &nbsp; 0621 4802560 (Erreichbarkeit zur&nbsp;telefonischen Sprechstunde)Fax:&nbsp; &nbsp; &nbsp; &nbsp; &nbsp; &nbsp;0621 4802561 Internet: &nbsp;mannheim-psychotherapie.de E-Mail: &nbsp; &nbsp; berlinghof@mannheim-psychotherapie.de (Fragen nach freien Therapiepl\u00e4tzen, Anmeldungen und Termin\u00e4nderungen k\u00f6nnen aus organisatorischen Gr\u00fcnden leider nicht per Mail bearbeitet werden) Informationen zur Anreise Akute Notf\u00e4lle (Abendstunden, nachts sowie [&hellip;]<\/p>\n","protected":false},"author":1,"featured_media":0,"parent":0,"menu_order":4,"comment_status":"closed","ping_status":"closed","template":"template-fullwidth.php","meta":{"footnotes":""},"class_list":["post-13","page","type-page","status-publish","hentry","post-preview"],"_links":{"self":[{"href":"https:\/\/mannheim-psychotherapie.de\/index.php?rest_route=\/wp\/v2\/pages\/13","targetHints":{"allow":["GET"]}}],"collection":[{"href":"https:\/\/mannheim-psychotherapie.de\/index.php?rest_route=\/wp\/v2\/pages"}],"about":[{"href":"https:\/\/mannheim-psychotherapie.de\/index.php?rest_route=\/wp\/v2\/types\/page"}],"author":[{"embeddable":true,"href":"https:\/\/mannheim-psychotherapie.de\/index.php?rest_route=\/wp\/v2\/users\/1"}],"replies":[{"embeddable":true,"href":"https:\/\/mannheim-psychotherapie.de\/index.php?rest_route=%2Fwp%2Fv2%2Fcomments&post=13"}],"version-history":[{"count":40,"href":"https:\/\/mannheim-psychotherapie.de\/index.php?rest_route=\/wp\/v2\/pages\/13\/revisions"}],"predecessor-version":[{"id":735,"href":"https:\/\/mannheim-psychotherapie.de\/index.php?rest_route=\/wp\/v2\/pages\/13\/revisions\/735"}],"wp:attachment":[{"href":"https:\/\/mannheim-psychotherapie.de\/index.php?rest_route=%2Fwp%2Fv2%2Fmedia&parent=13"}],"curies":[{"name":"wp","href":"https:\/\/api.w.org\/{rel}","templated":true}]}}